{"id":44,"date":"2021-03-17T16:58:22","date_gmt":"2021-03-17T16:58:22","guid":{"rendered":"http:\/\/hungawordpress.tuonelanjoutsen.pl\/882-4eu\/"},"modified":"2021-03-17T16:58:22","modified_gmt":"2021-03-17T16:58:22","slug":"882-4eu","status":"publish","type":"page","link":"http:\/\/serwer1636966.home.pl\/hungarystykawordpress\/882-4eu\/","title":{"rendered":"4eu+"},"content":{"rendered":"<div class=\"pdfprnt-buttons pdfprnt-buttons-page pdfprnt-top-right\"><a href=\"http:\/\/serwer1636966.home.pl\/hungarystykawordpress\/wp-json\/wp\/v2\/pages\/44?print=pdf\" class=\"pdfprnt-button pdfprnt-button-pdf\" target=\"_blank\"><img src=\"https:\/\/serwer1636966.home.pl\/hungarystykawordpress\/wp-content\/plugins\/pdf-print\/images\/pdf.png\" alt=\"image_pdf\" title=\"View PDF\" \/><\/a><a href=\"http:\/\/serwer1636966.home.pl\/hungarystykawordpress\/wp-json\/wp\/v2\/pages\/44?print=print\" class=\"pdfprnt-button pdfprnt-button-print\" target=\"_blank\"><img src=\"https:\/\/serwer1636966.home.pl\/hungarystykawordpress\/wp-content\/plugins\/pdf-print\/images\/print.png\" alt=\"image_print\" title=\"Print Content\" \/><\/a><\/div><div id=\"ja-contentwrap\">\n<div id=\"ja-content\">\n<div id=\"ja-pathway\">\n\t\t\t<\/div>\n<h2 class=\"contentheading\">\n\t\t\t4eu+\t<\/h2>\n<div class=\"article-tools\">\n<div class=\"article-meta\">\n\t\t\t<span class=\"createdate\"><br \/>\n\t\t\t\u015aroda, 27. Listopad 2019 11:37\t\t<\/span>\n\t\t<\/div>\n<div class=\"buttonheading\">\n\t\t\t\t\t\t<span><br \/>\n\t\t\t<a href=\"http:\/\/serwer1636966.home.pl\/hungarystykawordpress\" title=\"Drukuj\" onclick=\"window.open(this.href,'win2','status=no,toolbar=no,scrollbars=yes,titlebar=no,menubar=no,resizable=yes,width=640,height=480,directories=no,location=no'); return false;\" rel=\"nofollow\"><img decoding=\"async\" src=\"http:\/\/serwer1636966.home.pl\/hungarystykawordpress\/files\/templates\/kathung2\/images\/printbutton.png\" alt=\"Drukuj\"\/><\/a>\t\t\t<\/span>\n\t\t\t\t\t\t<\/div>\n<\/p><\/div>\n<div class=\"article-content\">\n<p><a href=\"https:\/\/www.uw.edu.pl\/spotkanie-informacyjne-4eu\/\"><img decoding=\"async\" src=\"http:\/\/serwer1636966.home.pl\/hungarystykawordpress\/files\/wp-content\/uploads\/2019\/10\/www_subdomain\/grafiki-4eu-podluzny-na-www19-879x300.jpg\" border=\"0\" width=\"586\" height=\"200\"\/><\/a><\/p>\n<p>5 grudnia w godz. od 9.00 do 11.30 w dawnej Bibliotece Uniwersyteckiej odb\u0119dzie si\u0119 spotkanie informacyjne dotycz\u0105ce dzia\u0142a\u0144 zaplanowanych dla Uniwersytetu Warszawskiego w ramach Sojuszu 4EU+ oraz projektu \u201eUniwersytety Europejskie\u201d. Mog\u0105 wzi\u0105\u0107 w nim udzia\u0142 wszyscy cz\u0142onkowie spo\u0142eczno\u015bci UW. Wi\u0119cej infromacji znajduje si\u0119 pod adresem: <a href=\"https:\/\/www.uw.edu.pl\/spotkanie-informacyjne-4eu\/\">https:\/\/www.uw.edu.pl\/spotkanie-informacyjne-4eu\/<\/a><\/p>\n<table align=\"center\" class=\"pagenav\">\n<tr>\n<th class=\"pagenav_prev\">\n\t\t\t\t\t<a href=\"http:\/\/serwer1636966.home.pl\/hungarystykawordpress\/index-php\/component\/content\/article\/17-aktualnoci\/883-szlakami-przyjani\/\">&lt; Poprzednia<\/a>\n\t\t\t\t<\/th>\n<td width=\"50\">\n\t\t\t\t\t&nbsp;\n\t\t\t\t<\/td>\n<th class=\"pagenav_next\">\n\t\t\t\t\t<a href=\"http:\/\/serwer1636966.home.pl\/hungarystykawordpress\/index-php\/component\/content\/article\/17-aktualnoci\/881-2019-11-18-13-15-23\/\">Nast\u0119pna &gt;<\/a>\n\t\t\t\t<\/th>\n<\/tr>\n<\/table>\n<\/div>\n<p><span class=\"article_separator\">&nbsp;<\/span>\n\t\t<\/div>\n<\/p><\/div>\n<p>\t\t<!-- END: CONTENT --><br \/>\n\t\t\t\t<!-- BEGIN: LEFT COLUMN --><\/p>\n","protected":false,"raw":""},"excerpt":{"rendered":"<p>4eu+ \u015aroda, 27. Listopad 2019 11:37 5 grudnia w [&hellip;]<\/p>\n","protected":false},"author":0,"featured_media":0,"parent":0,"menu_order":0,"comment_status":"closed","ping_status":"closed","template":"","meta":[],"yoast_head":"<!-- This site is optimized with the Yoast SEO plugin v15.9 - https:\/\/yoast.com\/wordpress\/plugins\/seo\/ -->\n<meta name=\"description\" content=\"Witryna internetowa Katedry Hungarystyki Wydzia\u0142u Neofilologii Uniwersytetu Warszawskiego.\" \/>\n<meta name=\"robots\" content=\"index, follow, max-snippet:-1, max-image-preview:large, max-video-preview:-1\" \/>\n<link rel=\"canonical\" href=\"http:\/\/serwer1636966.home.pl\/hungarystykawordpress\/882-4eu\/\" \/>\n<meta property=\"og:locale\" content=\"en_US\" \/>\n<meta property=\"og:type\" content=\"article\" \/>\n<meta property=\"og:title\" content=\"4eu+\" \/>\n<meta property=\"og:description\" content=\"Witryna internetowa Katedry Hungarystyki Wydzia\u0142u Neofilologii Uniwersytetu Warszawskiego.\" \/>\n<meta property=\"og:url\" content=\"http:\/\/serwer1636966.home.pl\/hungarystykawordpress\/882-4eu\/\" \/>\n<meta property=\"og:site_name\" content=\"Katedra Hungarystyki\" \/>\n<meta property=\"og:image\" content=\"http:\/\/[get_bloginfo]url[\/get_bloginfo%5D\/files\/templates\/kathung2\/images\/printbutton.png\" \/>\n<meta name=\"twitter:card\" content=\"summary_large_image\" \/>\n<script type=\"application\/ld+json\" class=\"yoast-schema-graph\">{\"@context\":\"https:\/\/schema.org\",\"@graph\":[{\"@type\":\"WebSite\",\"@id\":\"https:\/\/serwer1636966.home.pl\/hungarystykawordpress\/#website\",\"url\":\"https:\/\/serwer1636966.home.pl\/hungarystykawordpress\/\",\"name\":\"Katedra Hungarystyki\",\"description\":\"Archiwum wydarze\\u0144 2008\\u20132020\",\"potentialAction\":[{\"@type\":\"SearchAction\",\"target\":\"https:\/\/serwer1636966.home.pl\/hungarystykawordpress\/?s={search_term_string}\",\"query-input\":\"required name=search_term_string\"}],\"inLanguage\":\"en-US\"},{\"@type\":\"ImageObject\",\"@id\":\"http:\/\/serwer1636966.home.pl\/hungarystykawordpress\/882-4eu\/#primaryimage\",\"inLanguage\":\"en-US\",\"url\":\"[get_bloginfo]url[\/get_bloginfo]\/files\/templates\/kathung2\/images\/printbutton.png\"},{\"@type\":\"WebPage\",\"@id\":\"http:\/\/serwer1636966.home.pl\/hungarystykawordpress\/882-4eu\/#webpage\",\"url\":\"http:\/\/serwer1636966.home.pl\/hungarystykawordpress\/882-4eu\/\",\"name\":\"4eu+\",\"isPartOf\":{\"@id\":\"https:\/\/serwer1636966.home.pl\/hungarystykawordpress\/#website\"},\"primaryImageOfPage\":{\"@id\":\"http:\/\/serwer1636966.home.pl\/hungarystykawordpress\/882-4eu\/#primaryimage\"},\"datePublished\":\"2021-03-17T16:58:22+00:00\",\"dateModified\":\"2021-03-17T16:58:22+00:00\",\"description\":\"Witryna internetowa Katedry Hungarystyki Wydzia\\u0142u Neofilologii Uniwersytetu Warszawskiego.\",\"breadcrumb\":{\"@id\":\"http:\/\/serwer1636966.home.pl\/hungarystykawordpress\/882-4eu\/#breadcrumb\"},\"inLanguage\":\"en-US\",\"potentialAction\":[{\"@type\":\"ReadAction\",\"target\":[\"http:\/\/serwer1636966.home.pl\/hungarystykawordpress\/882-4eu\/\"]}]},{\"@type\":\"BreadcrumbList\",\"@id\":\"http:\/\/serwer1636966.home.pl\/hungarystykawordpress\/882-4eu\/#breadcrumb\",\"itemListElement\":[{\"@type\":\"ListItem\",\"position\":1,\"item\":{\"@type\":\"WebPage\",\"@id\":\"http:\/\/serwer1636966.home.pl\/hungarystykawordpress\/882-4eu\/\",\"url\":\"http:\/\/serwer1636966.home.pl\/hungarystykawordpress\/882-4eu\/\",\"name\":\"4eu+\"}}]}]}<\/script>\n<!-- \/ Yoast SEO plugin. -->","_links":{"self":[{"href":"http:\/\/serwer1636966.home.pl\/hungarystykawordpress\/wp-json\/wp\/v2\/pages\/44"}],"collection":[{"href":"http:\/\/serwer1636966.home.pl\/hungarystykawordpress\/wp-json\/wp\/v2\/pages"}],"about":[{"href":"http:\/\/serwer1636966.home.pl\/hungarystykawordpress\/wp-json\/wp\/v2\/types\/page"}],"replies":[{"embeddable":true,"href":"http:\/\/serwer1636966.home.pl\/hungarystykawordpress\/wp-json\/wp\/v2\/comments?post=44"}],"version-history":[{"count":0,"href":"http:\/\/serwer1636966.home.pl\/hungarystykawordpress\/wp-json\/wp\/v2\/pages\/44\/revisions"}],"wp:attachment":[{"href":"http:\/\/serwer1636966.home.pl\/hungarystykawordpress\/wp-json\/wp\/v2\/media?parent=44"}],"curies":[{"name":"wp","href":"https:\/\/api.w.org\/{rel}","templated":true}]}}