{"id":95,"date":"2021-03-17T16:58:30","date_gmt":"2021-03-17T16:58:30","guid":{"rendered":"http:\/\/hungawordpress.tuonelanjoutsen.pl\/oferty-pracy_start_255\/"},"modified":"2021-03-17T16:58:30","modified_gmt":"2021-03-17T16:58:30","slug":"oferty-pracy_start_255","status":"publish","type":"page","link":"https:\/\/serwer1636966.home.pl\/hungarystykawordpress\/oferty-pracy_start_255\/","title":{"rendered":"Praca"},"content":{"rendered":"<div class=\"pdfprnt-buttons pdfprnt-buttons-page pdfprnt-top-right\"><a href=\"https:\/\/serwer1636966.home.pl\/hungarystykawordpress\/wp-json\/wp\/v2\/pages\/95?print=pdf\" class=\"pdfprnt-button pdfprnt-button-pdf\" target=\"_blank\"><img src=\"https:\/\/serwer1636966.home.pl\/hungarystykawordpress\/wp-content\/plugins\/pdf-print\/images\/pdf.png\" alt=\"image_pdf\" title=\"View PDF\" \/><\/a><a href=\"https:\/\/serwer1636966.home.pl\/hungarystykawordpress\/wp-json\/wp\/v2\/pages\/95?print=print\" class=\"pdfprnt-button pdfprnt-button-print\" target=\"_blank\"><img src=\"https:\/\/serwer1636966.home.pl\/hungarystykawordpress\/wp-content\/plugins\/pdf-print\/images\/print.png\" alt=\"image_print\" title=\"Print Content\" \/><\/a><\/div><div id=\"ja-contentwrap\">\n<div id=\"ja-content\">\n<div id=\"ja-pathway\">\n\t\t\t<\/div>\n<div class=\"componentheading\">\n\tPraca<\/div>\n<table class=\"blog\" cellpadding=\"0\" cellspacing=\"0\">\n<tr>\n<td valign=\"top\">\n<div>\n<div class=\"contentpaneopen\">\n<h2 class=\"contentheading\">\n\t\t\toferta pracy z w\u0119gierskim\t<\/h2>\n<div class=\"article-tools\">\n<div class=\"article-meta\">\n\t<span class=\"createdate\"><br \/>\n\t\t\u015aroda, 22. Grudzie\u0144 2010 04:43\t<\/span>\n<\/div>\n<div class=\"buttonheading\">\n\t\t<span><br \/>\n\t<a href=\"https:\/\/serwer1636966.home.pl\/hungarystykawordpress\" title=\"Drukuj\" onclick=\"window.open(this.href,'win2','status=no,toolbar=no,scrollbars=yes,titlebar=no,menubar=no,resizable=yes,width=640,height=480,directories=no,location=no'); return false;\" rel=\"nofollow\"><img decoding=\"async\" src=\"https:\/\/serwer1636966.home.pl\/hungarystykawordpress\/files\/templates\/kathung2\/images\/printbutton.png\" alt=\"Drukuj\"\/><\/a>\t<\/span>\n\t<\/div>\n<\/div>\n<div class=\"article-content\">\n<p>\u00a0<\/p>\n<p style=\"margin-bottom: 0.53cm;\" lang=\"en-US\"><span style=\"color: #333333;\"><span style=\"font-family: Arial,sans-serif;\"><span style=\"font-size: x-small;\"><strong>Adecco Poland Sp. z o.o. as Temporary Work Agency has certificate number 364\/1a.<\/strong><\/span><\/span><\/span><\/p>\n<p style=\"margin-top: 0.49cm; margin-bottom: 0.53cm;\"><span style=\"color: #333333;\"><span style=\"font-family: Arial,sans-serif;\"><span style=\"font-size: x-small;\"><span lang=\"en-US\">For our Client, well known international company located in <\/span><\/span><\/span><\/span><span style=\"color: #333333;\"><span style=\"font-family: Arial,sans-serif;\"><span style=\"font-size: x-small;\"><span lang=\"en-US\"><em><strong>Krak\u00f3w<\/strong><\/em><\/span><\/span><\/span><\/span><span style=\"color: #333333;\"><span style=\"font-family: Arial,sans-serif;\"><span style=\"font-size: x-small;\"><span lang=\"en-US\">, we are looking for candidates for the positions of<\/span><\/span><\/span><\/span><\/p>\n<p style=\"margin-top: 0.49cm; margin-bottom: 0.53cm;\" align=\"CENTER\"><strong><span style=\"color: #333333;\"><span style=\"font-family: Arial,sans-serif;\"><span style=\"font-size: medium;\"><span lang=\"en-US\">Tax Specialist<\/span><\/span><\/span><\/span><\/strong><\/p>\n<p style=\"margin-top: 0.49cm; margin-bottom: 0.53cm;\"><strong><span style=\"color: #333333;\"><span style=\"font-family: Arial,sans-serif;\"><span style=\"font-size: x-small;\"><span lang=\"en-US\"><span style=\"text-decoration: underline;\">\n<\/div>\n<p>\t<a href=\"https:\/\/serwer1636966.home.pl\/hungarystykawordpress\/index-php\/oferty-pracy\/144-oferta-pracy-z-wgierskim\/\" title=\"oferta pracy z w\u0119gierskim\" class=\"readon\"><br \/>\n\t\t\tWi\u0119cej&hellip;\t<\/a>\n<\/div>\n<p><span class=\"article_separator\">&nbsp;<\/span>\n\t\t<\/div>\n<\/td>\n<\/tr>\n<tr>\n<td valign=\"top\">\n<table width=\"100%\" cellpadding=\"0\" cellspacing=\"0\">\n<tr>\n<td valign=\"top\" width=\"100%\" class=\"article_column\">\n<div class=\"contentpaneopen\">\n<h2 class=\"contentheading\">\n\t\t\toferta pracy: t\u0142umaczenie ustne [w\u0119g.]\t<\/h2>\n<div class=\"article-tools\">\n<div class=\"article-meta\">\n\t<span class=\"createdate\"><br \/>\n\t\tPi\u0105tek, 17. Grudzie\u0144 2010 12:58\t<\/span>\n<\/div>\n<div class=\"buttonheading\">\n\t\t<span><br \/>\n\t<a href=\"https:\/\/serwer1636966.home.pl\/hungarystykawordpress\" title=\"Drukuj\" onclick=\"window.open(this.href,'win2','status=no,toolbar=no,scrollbars=yes,titlebar=no,menubar=no,resizable=yes,width=640,height=480,directories=no,location=no'); return false;\" rel=\"nofollow\"><img decoding=\"async\" src=\"https:\/\/serwer1636966.home.pl\/hungarystykawordpress\/files\/templates\/kathung2\/images\/printbutton.png\" alt=\"Drukuj\"\/><\/a>\t<\/span>\n\t<\/div>\n<\/div>\n<div class=\"article-content\">\n<p>Szanowni Pa\u0144stwo<br class=\"dufmufrfi6obndiar\"\/> Poszukuj\u0119 studenta z bieg\u0142\u0105 znajomo\u015bci\u0105 j\u0119zyka w\u0119gierskiego, kt\u00f3ry podejmie si\u0119 <strong>t\u0142umaczenia ustnego<\/strong>. <br class=\"dufmufrfi6obndiar\"\/> T\u0142umaczenie odby\u0142oby si\u0119 <strong>na W\u0119grzech, w drugim tygodniu stycznia<\/strong>. <br class=\"dufmufrfi6obndiar\"\/> Zainteresowanych prosz\u0119 o kontakt pod poni\u017csze numery telefon\u00f3w lub adres e-mail. <br class=\"dufmufrfi6obndiar\"\/> Agnieszka Karwowska<br class=\"dufmufrfi6obndiar\"\/> Asystent Dyrektora Operacji Przemys\u0142owych<br class=\"dufmufrfi6obndiar\"\/> TEVA KUTNO S.A.<br class=\"dufmufrfi6obndiar\"\/> ul. Sienkiewicza 25, 99-300 Kutno<br class=\"dufmufrfi6obndiar\"\/> tel. +48 24 36 13 453 \u00a0mobile: +48 695 363 728<br class=\"dufmufrfi6obndiar\"\/> e-mail:<br \/>\n <script language=\"JavaScript\" type=\"text\/javascript\">\n <!--\n var prefix = 'm&#97;&#105;lt&#111;:';\n var suffix = '';\n var attribs = '';\n var path = 'hr' + 'ef' + '=';\n var addy41461 = '&#97;gn&#105;&#101;szk&#97;.k&#97;rw&#111;wsk&#97;' + '&#64;';\n addy41461 = addy41461 + 't&#101;v&#97;' + '&#46;' + 'pl';\n document.write( '<a ' + path + ''' + prefix + addy41461 + suffix + ''' + attribs + '>' );\n document.write( addy41461 );\n document.write( '<\/a>' );\n \/\/-->\n <\/script><script language=\"JavaScript\" type=\"text\/javascript\">\n <!--\n document.write( '<span style='display: none;'>' );\n \/\/-->\n <\/script>Adres poczty elektronicznej jest chroniony przed robotami spamuj\u0105cymi. W przegl\u0105darce musi by\u0107 w\u0142\u0105czona obs\u0142uga JavaScript, \u017ceby go zobaczy\u0107.<br \/>\n <script language=\"JavaScript\" type=\"text\/javascript\">\n <!--\n document.write( '<\/' );\n document.write( 'span>' );\n \/\/-->\n <\/script><\/p>\n<\/div>\n<\/div>\n<p><span class=\"article_separator\">&nbsp;<\/span><\/p>\n<div class=\"contentpaneopen\">\n<h2 class=\"contentheading\">\n\t\t\toferta pracy na stanowisku specjalisty ds. handlowych [w\u0119g.]\t<\/h2>\n<div class=\"article-tools\">\n<div class=\"article-meta\">\n\t<span class=\"createdate\"><br \/>\n\t\tWtorek, 30. Listopad 2010 05:19\t<\/span>\n<\/div>\n<div class=\"buttonheading\">\n\t\t<span><br \/>\n\t<a href=\"https:\/\/serwer1636966.home.pl\/hungarystykawordpress\" title=\"Drukuj\" onclick=\"window.open(this.href,'win2','status=no,toolbar=no,scrollbars=yes,titlebar=no,menubar=no,resizable=yes,width=640,height=480,directories=no,location=no'); return false;\" rel=\"nofollow\"><img decoding=\"async\" src=\"https:\/\/serwer1636966.home.pl\/hungarystykawordpress\/files\/templates\/kathung2\/images\/printbutton.png\" alt=\"Drukuj\"\/><\/a>\t<\/span>\n\t<\/div>\n<\/div>\n<div class=\"article-content\">\n<p style=\"text-align: left;\">Firma, b\u0119d\u0105ca cz\u0119\u015bci\u0105 mi\u0119dzynarodowego koncernu <br class=\"dufmufrfi6obndiar\"\/>poszukuje pracownika <strong>z dobr\u0105 znajomo\u015bci\u0105 j\u0119zyka w\u0119gierskiego<\/strong><br class=\"dufmufrfi6obndiar\"\/>na stanowisko:<strong> specjalista ds. handlowych<\/strong><br class=\"dufmufrfi6obndiar\"\/><br class=\"dufmufrfi6obndiar\"\/>Miejsce pracy: Warszawa<br class=\"dufmufrfi6obndiar\"\/><strong>REF: EUC\/ NK<\/strong><\/p>\n<\/div>\n<p>\t<a href=\"https:\/\/serwer1636966.home.pl\/hungarystykawordpress\/index-php\/oferty-pracy\/140-oferty-pracy-na-stanowisku-specjalisty-ds-handlowych-z-wg\/\" title=\"oferta pracy na stanowisku specjalisty ds. handlowych [w\u0119g.]\" class=\"readon\"><br \/>\n\t\t\tWi\u0119cej&hellip;\t<\/a>\n<\/div>\n<p><span class=\"article_separator\">&nbsp;<\/span><\/p>\n<div class=\"contentpaneopen\">\n<h2 class=\"contentheading\">\n\t\t\tt\u0142umaczenie ustne z w\u0119gierskiego\t<\/h2>\n<div class=\"article-tools\">\n<div class=\"article-meta\">\n\t<span class=\"createdate\"><br \/>\n\t\tPi\u0105tek, 05. Listopad 2010 17:23\t<\/span>\n<\/div>\n<div class=\"buttonheading\">\n\t\t<span><br \/>\n\t<a href=\"https:\/\/serwer1636966.home.pl\/hungarystykawordpress\" title=\"Drukuj\" onclick=\"window.open(this.href,'win2','status=no,toolbar=no,scrollbars=yes,titlebar=no,menubar=no,resizable=yes,width=640,height=480,directories=no,location=no'); return false;\" rel=\"nofollow\"><img decoding=\"async\" src=\"https:\/\/serwer1636966.home.pl\/hungarystykawordpress\/files\/templates\/kathung2\/images\/printbutton.png\" alt=\"Drukuj\"\/><\/a>\t<\/span>\n\t<\/div>\n<\/div>\n<div class=\"article-content\">\n<p>Zapraszamy do zapoznania si\u0119 z ofert\u0105 pracy dot. t\u0142umaczenia ustnego z j\u0119z. w\u0119gierskiego na polski w okresie 15.11-10.12 br. <a href=\"https:\/\/serwer1636966.home.pl\/hungarystykawordpress\">Szczeg\u00f3\u0142y w pliku .pdf<\/a>.<\/p>\n<\/div>\n<\/div>\n<p><span class=\"article_separator\">&nbsp;<\/span>\n\t\t\t\t<\/td>\n<\/tr>\n<\/table>\n<\/td>\n<\/tr>\n<tr>\n<td valign=\"top\" align=\"center\">\n<ul class=\"pagination\">\n<li>&laquo;<\/li>\n<li>&nbsp;<strong><a href=\"https:\/\/serwer1636966.home.pl\/hungarystykawordpress\/index-php\/oferty-pracy\/\" title=\"Pocz\u0105tek\">Pocz\u0105tek<\/a><\/strong>&nbsp;<\/li>\n<li>&nbsp;<strong><a href=\"https:\/\/serwer1636966.home.pl\/hungarystykawordpress\" title=\"Poprzednia\">Poprzednia<\/a><\/strong>&nbsp;<\/li>\n<li>&nbsp;<strong><a href=\"https:\/\/serwer1636966.home.pl\/hungarystykawordpress\" title=\"51\">51<\/a><\/strong>&nbsp;<\/li>\n<li>&nbsp;<span>52<\/span>&nbsp;<\/li>\n<li>&nbsp;<span>Nast\u0119pna<\/span>&nbsp;<\/li>\n<li>&nbsp;<span>Ostatnie<\/span>&nbsp;<\/li>\n<li>&raquo;<\/li>\n<\/ul>\n<p>\t\t<br class=\"dufmufrfi6obndiar\"\/><br class=\"dufmufrfi6obndiar\"\/>\n\t<\/td>\n<\/tr>\n<tr>\n<td valign=\"top\" align=\"center\">\n\t\tStrona 52 z 52\t<\/td>\n<\/tr>\n<\/table><\/div>\n<\/p><\/div>\n<p>\t\t<!-- END: CONTENT --><br \/>\n\t\t\t\t<!-- BEGIN: LEFT COLUMN --><\/p>\n","protected":false,"raw":""},"excerpt":{"rendered":"<p>Praca oferta pracy z w\u0119gierskim \u015aroda, 22. Grudzie\u0144 2010 [&hellip;]<\/p>\n","protected":false},"author":0,"featured_media":0,"parent":0,"menu_order":0,"comment_status":"closed","ping_status":"closed","template":"","meta":[],"yoast_head":"<!-- This site is optimized with the Yoast SEO plugin v15.9 - https:\/\/yoast.com\/wordpress\/plugins\/seo\/ -->\n<meta name=\"description\" content=\"Witryna internetowa Katedry Hungarystyki Wydzia\u0142u Neofilologii Uniwersytetu Warszawskiego.\" \/>\n<meta name=\"robots\" content=\"index, follow, max-snippet:-1, max-image-preview:large, max-video-preview:-1\" \/>\n<link rel=\"canonical\" href=\"http:\/\/serwer1636966.home.pl\/hungarystykawordpress\/oferty-pracy_start_255\/\" \/>\n<meta property=\"og:locale\" content=\"en_US\" \/>\n<meta property=\"og:type\" content=\"article\" \/>\n<meta property=\"og:title\" content=\"Praca\" \/>\n<meta property=\"og:description\" content=\"Witryna internetowa Katedry Hungarystyki Wydzia\u0142u Neofilologii Uniwersytetu Warszawskiego.\" \/>\n<meta property=\"og:url\" content=\"http:\/\/serwer1636966.home.pl\/hungarystykawordpress\/oferty-pracy_start_255\/\" \/>\n<meta property=\"og:site_name\" content=\"Katedra Hungarystyki\" \/>\n<meta property=\"og:image\" content=\"http:\/\/[get_bloginfo]url[\/get_bloginfo%5D\/files\/templates\/kathung2\/images\/printbutton.png\" \/>\n<meta name=\"twitter:card\" content=\"summary_large_image\" \/>\n<script type=\"application\/ld+json\" class=\"yoast-schema-graph\">{\"@context\":\"https:\/\/schema.org\",\"@graph\":[{\"@type\":\"WebSite\",\"@id\":\"http:\/\/serwer1636966.home.pl\/hungarystykawordpress\/#website\",\"url\":\"http:\/\/serwer1636966.home.pl\/hungarystykawordpress\/\",\"name\":\"Katedra Hungarystyki\",\"description\":\"Archiwum wydarze\\u0144 2008\\u20132020\",\"potentialAction\":[{\"@type\":\"SearchAction\",\"target\":\"http:\/\/serwer1636966.home.pl\/hungarystykawordpress\/?s={search_term_string}\",\"query-input\":\"required name=search_term_string\"}],\"inLanguage\":\"en-US\"},{\"@type\":\"ImageObject\",\"@id\":\"http:\/\/serwer1636966.home.pl\/hungarystykawordpress\/oferty-pracy_start_255\/#primaryimage\",\"inLanguage\":\"en-US\",\"url\":\"[get_bloginfo]url[\/get_bloginfo]\/files\/templates\/kathung2\/images\/printbutton.png\"},{\"@type\":\"WebPage\",\"@id\":\"http:\/\/serwer1636966.home.pl\/hungarystykawordpress\/oferty-pracy_start_255\/#webpage\",\"url\":\"http:\/\/serwer1636966.home.pl\/hungarystykawordpress\/oferty-pracy_start_255\/\",\"name\":\"Praca\",\"isPartOf\":{\"@id\":\"http:\/\/serwer1636966.home.pl\/hungarystykawordpress\/#website\"},\"primaryImageOfPage\":{\"@id\":\"http:\/\/serwer1636966.home.pl\/hungarystykawordpress\/oferty-pracy_start_255\/#primaryimage\"},\"datePublished\":\"2021-03-17T16:58:30+00:00\",\"dateModified\":\"2021-03-17T16:58:30+00:00\",\"description\":\"Witryna internetowa Katedry Hungarystyki Wydzia\\u0142u Neofilologii Uniwersytetu Warszawskiego.\",\"breadcrumb\":{\"@id\":\"http:\/\/serwer1636966.home.pl\/hungarystykawordpress\/oferty-pracy_start_255\/#breadcrumb\"},\"inLanguage\":\"en-US\",\"potentialAction\":[{\"@type\":\"ReadAction\",\"target\":[\"http:\/\/serwer1636966.home.pl\/hungarystykawordpress\/oferty-pracy_start_255\/\"]}]},{\"@type\":\"BreadcrumbList\",\"@id\":\"http:\/\/serwer1636966.home.pl\/hungarystykawordpress\/oferty-pracy_start_255\/#breadcrumb\",\"itemListElement\":[{\"@type\":\"ListItem\",\"position\":1,\"item\":{\"@type\":\"WebPage\",\"@id\":\"http:\/\/serwer1636966.home.pl\/hungarystykawordpress\/oferty-pracy_start_255\/\",\"url\":\"http:\/\/serwer1636966.home.pl\/hungarystykawordpress\/oferty-pracy_start_255\/\",\"name\":\"Praca\"}}]}]}<\/script>\n<!-- \/ Yoast SEO plugin. -->","_links":{"self":[{"href":"https:\/\/serwer1636966.home.pl\/hungarystykawordpress\/wp-json\/wp\/v2\/pages\/95"}],"collection":[{"href":"https:\/\/serwer1636966.home.pl\/hungarystykawordpress\/wp-json\/wp\/v2\/pages"}],"about":[{"href":"https:\/\/serwer1636966.home.pl\/hungarystykawordpress\/wp-json\/wp\/v2\/types\/page"}],"replies":[{"embeddable":true,"href":"https:\/\/serwer1636966.home.pl\/hungarystykawordpress\/wp-json\/wp\/v2\/comments?post=95"}],"version-history":[{"count":0,"href":"https:\/\/serwer1636966.home.pl\/hungarystykawordpress\/wp-json\/wp\/v2\/pages\/95\/revisions"}],"wp:attachment":[{"href":"https:\/\/serwer1636966.home.pl\/hungarystykawordpress\/wp-json\/wp\/v2\/media?parent=95"}],"curies":[{"name":"wp","href":"https:\/\/api.w.org\/{rel}","templated":true}]}}