{"id":97,"date":"2021-03-17T16:58:30","date_gmt":"2021-03-17T16:58:30","guid":{"rendered":"http:\/\/hungawordpress.tuonelanjoutsen.pl\/oferty-pracy_start_35\/"},"modified":"2021-03-17T16:58:30","modified_gmt":"2021-03-17T16:58:30","slug":"oferty-pracy_start_35","status":"publish","type":"page","link":"https:\/\/serwer1636966.home.pl\/hungarystykawordpress\/oferty-pracy_start_35\/","title":{"rendered":"Praca"},"content":{"rendered":"<div class=\"pdfprnt-buttons pdfprnt-buttons-page pdfprnt-top-right\"><a href=\"https:\/\/serwer1636966.home.pl\/hungarystykawordpress\/wp-json\/wp\/v2\/pages\/97?print=pdf\" class=\"pdfprnt-button pdfprnt-button-pdf\" target=\"_blank\"><img src=\"https:\/\/serwer1636966.home.pl\/hungarystykawordpress\/wp-content\/plugins\/pdf-print\/images\/pdf.png\" alt=\"image_pdf\" title=\"View PDF\" \/><\/a><a href=\"https:\/\/serwer1636966.home.pl\/hungarystykawordpress\/wp-json\/wp\/v2\/pages\/97?print=print\" class=\"pdfprnt-button pdfprnt-button-print\" target=\"_blank\"><img src=\"https:\/\/serwer1636966.home.pl\/hungarystykawordpress\/wp-content\/plugins\/pdf-print\/images\/print.png\" alt=\"image_print\" title=\"Print Content\" \/><\/a><\/div><div id=\"ja-contentwrap\">\n<div id=\"ja-content\">\n<div id=\"ja-pathway\">\n\t\t\t<\/div>\n<div class=\"componentheading\">\n\tPraca<\/div>\n<table class=\"blog\" cellpadding=\"0\" cellspacing=\"0\">\n<tr>\n<td valign=\"top\">\n<div>\n<div class=\"contentpaneopen\">\n<h2 class=\"contentheading\">\n\t\t\tpraca z w\u0119gierskim w Ko\u0144skich\t<\/h2>\n<div class=\"article-tools\">\n<div class=\"article-meta\">\n\t<span class=\"createdate\"><br \/>\n\t\tCzwartek, 14. Kwiecie\u0144 2016 12:04\t<\/span>\n<\/div>\n<div class=\"buttonheading\">\n\t\t<span><br \/>\n\t<a href=\"https:\/\/serwer1636966.home.pl\/hungarystykawordpress\" title=\"Drukuj\" onclick=\"window.open(this.href,'win2','status=no,toolbar=no,scrollbars=yes,titlebar=no,menubar=no,resizable=yes,width=640,height=480,directories=no,location=no'); return false;\" rel=\"nofollow\"><img decoding=\"async\" src=\"https:\/\/serwer1636966.home.pl\/hungarystykawordpress\/files\/templates\/kathung2\/images\/printbutton.png\" alt=\"Drukuj\"\/><\/a>\t<\/span>\n\t<\/div>\n<\/div>\n<div class=\"article-content\">\n<p><img decoding=\"async\" src=\"https:\/\/serwer1636966.home.pl\/hungarystykawordpress\/files\/01\/myimages\/aluvanqkl_klein_3_.gif\" border=\"0\" width=\"280\" height=\"106\"\/><\/p>\n<p>Firma produkcyjna z bran\u017cy motoryzacyjnej z siedzib\u0105 w Ko\u0144skich<br class=\"dufmufrfi6obndiar\"\/><span style=\"font-size: 12.16px; line-height: 1.3em;\">poszukuje kandydat\u00f3w do pracy na stanowisku:<\/span><\/p>\n<p>Specjalista ds. administracji sprzeda\u017cy<\/p>\n<p>ze znajomo\u015bci\u0105 j\u0119zyka w\u0119gierskiego<\/p>\n<p>Miejsce pracy : Ko\u0144skie<\/p>\n<p><a href=\"https:\/\/serwer1636966.home.pl\/hungarystykawordpress\">szczeg\u00f3\u0142y oferty w pliku<\/a><\/p>\n<\/div>\n<\/div>\n<p><span class=\"article_separator\">&nbsp;<\/span>\n\t\t<\/div>\n<\/td>\n<\/tr>\n<tr>\n<td valign=\"top\">\n<table width=\"100%\" cellpadding=\"0\" cellspacing=\"0\">\n<tr>\n<td valign=\"top\" width=\"100%\" class=\"article_column\">\n<div class=\"contentpaneopen\">\n<h2 class=\"contentheading\">\n\t\t\toferta pracy (angielski, w\u0119gierski) w Bp\t<\/h2>\n<div class=\"article-tools\">\n<div class=\"article-meta\">\n\t<span class=\"createdate\"><br \/>\n\t\tPi\u0105tek, 08. Kwiecie\u0144 2016 22:31\t<\/span>\n<\/div>\n<div class=\"buttonheading\">\n\t\t<span><br \/>\n\t<a href=\"https:\/\/serwer1636966.home.pl\/hungarystykawordpress\" title=\"Drukuj\" onclick=\"window.open(this.href,'win2','status=no,toolbar=no,scrollbars=yes,titlebar=no,menubar=no,resizable=yes,width=640,height=480,directories=no,location=no'); return false;\" rel=\"nofollow\"><img decoding=\"async\" src=\"https:\/\/serwer1636966.home.pl\/hungarystykawordpress\/files\/templates\/kathung2\/images\/printbutton.png\" alt=\"Drukuj\"\/><\/a>\t<\/span>\n\t<\/div>\n<\/div>\n<div class=\"article-content\">\n<p><a href=\"https:\/\/www.arche-consulting.pl\/main\/oferta,3042\"><img decoding=\"async\" src=\"https:\/\/serwer1636966.home.pl\/hungarystykawordpress\/files\/pics\/arche-logo.png\" border=\"0\" width=\"184\" height=\"95\"\/><br class=\"dufmufrfi6obndiar\"\/><\/a><\/p>\n<p><a href=\"https:\/\/www.arche-consulting.pl\/main\/oferta,3042\">oferta pracy w Budapeszcie<\/a><\/p>\n<\/div>\n<\/div>\n<p><span class=\"article_separator\">&nbsp;<\/span><\/p>\n<div class=\"contentpaneopen\">\n<h2 class=\"contentheading\">\n\t\t\tSpecjalista ds. realizacji zam\u00f3wie\u0144 i obs\u0142ugi klienta\t<\/h2>\n<div class=\"article-tools\">\n<div class=\"article-meta\">\n\t<span class=\"createdate\"><br \/>\n\t\tSobota, 19. Marzec 2016 16:12\t<\/span>\n<\/div>\n<div class=\"buttonheading\">\n\t\t<span><br \/>\n\t<a href=\"https:\/\/serwer1636966.home.pl\/hungarystykawordpress\" title=\"Drukuj\" onclick=\"window.open(this.href,'win2','status=no,toolbar=no,scrollbars=yes,titlebar=no,menubar=no,resizable=yes,width=640,height=480,directories=no,location=no'); return false;\" rel=\"nofollow\"><img decoding=\"async\" src=\"https:\/\/serwer1636966.home.pl\/hungarystykawordpress\/files\/templates\/kathung2\/images\/printbutton.png\" alt=\"Drukuj\"\/><\/a>\t<\/span>\n\t<\/div>\n<\/div>\n<div class=\"article-content\">\n<p><a href=\"http:\/\/www.pracuj.pl\/praca\/specjalista-ds-realizacji-zamowien-i-obslugi-klienta-w-jezyku-wegierskim-warszawa,oferta,4455285\">oferta pracy:<br class=\"dufmufrfi6obndiar\"\/><span style=\"color: #1b57b1;\">Specjalista ds. realizacji zam\u00f3wie\u0144 <\/span><span style=\"color: #1b57b1; font-size: 12.16px; line-height: 1.3em;\">i obs\u0142ugi klienta<br class=\"dufmufrfi6obndiar\"\/>w j\u0119zyku w\u0119gierskim<br class=\"dufmufrfi6obndiar\"\/><\/span>w Warszawie<\/a><\/p>\n<p><a href=\"http:\/\/www.pracuj.pl\/praca\/specjalista-ds-realizacji-zamowien-i-obslugi-klienta-w-jezyku-wegierskim-warszawa,oferta,4455285\"> <\/a><\/p>\n<p><a href=\"http:\/\/www.pracuj.pl\/praca\/specjalista-ds-realizacji-zamowien-i-obslugi-klienta-w-jezyku-wegierskim-warszawa,oferta,4455285\"><img decoding=\"async\" src=\"https:\/\/serwer1636966.home.pl\/hungarystykawordpress\/files\/l\/132912\/_res\/bottom.jpg\" border=\"0\" width=\"680\" height=\"274\"\/><\/a><\/p>\n<\/div>\n<\/div>\n<p><span class=\"article_separator\">&nbsp;<\/span><\/p>\n<div class=\"contentpaneopen\">\n<h2 class=\"contentheading\">\n\t\t\tCOTY &#8211; oferta pracy\t<\/h2>\n<div class=\"article-tools\">\n<div class=\"article-meta\">\n\t<span class=\"createdate\"><br \/>\n\t\tWtorek, 15. Marzec 2016 17:05\t<\/span>\n<\/div>\n<div class=\"buttonheading\">\n\t\t<span><br \/>\n\t<a href=\"https:\/\/serwer1636966.home.pl\/hungarystykawordpress\" title=\"Drukuj\" onclick=\"window.open(this.href,'win2','status=no,toolbar=no,scrollbars=yes,titlebar=no,menubar=no,resizable=yes,width=640,height=480,directories=no,location=no'); return false;\" rel=\"nofollow\"><img decoding=\"async\" src=\"https:\/\/serwer1636966.home.pl\/hungarystykawordpress\/files\/templates\/kathung2\/images\/printbutton.png\" alt=\"Drukuj\"\/><\/a>\t<\/span>\n\t<\/div>\n<\/div>\n<div class=\"article-content\">\n<p style=\"margin-bottom: 0cm; line-height: 100%;\" lang=\"pl-PL\">\u00a0<\/p>\n<p style=\"margin-bottom: 0cm; line-height: 100%; text-align: center;\" lang=\"pl-PL\">\n<p style=\"margin-bottom: 0cm;\" align=\"CENTER\"><span style=\"font-size: 13pt;\"><span lang=\"pl-PL\"><strong>ASYSTENT DZIA\u0141U KSI\u0118GOWO\u015aCI<\/strong><\/span><\/span><\/p>\n<p style=\"margin-bottom: 0cm; line-height: 100%;\" align=\"CENTER\"><span style=\"font-size: x-small;\"><span lang=\"pl-PL\">Nr. Ref: ADK\/WAW\/2016<\/span><\/span><\/p>\n<p style=\"margin-bottom: 0cm; line-height: 100%;\" align=\"CENTER\"><a name=\"_GoBack\"><\/a> <span style=\"font-size: x-small;\"><span lang=\"pl-PL\">Miasto: Warszawa<\/span><\/span><\/p>\n<p style=\"margin-bottom: 0cm;\"><span style=\"font-size: x-small;\"><span lang=\"pl-PL\"><strong>Wymagania:<\/strong><\/span><\/span><\/p>\n<ul>\n<li>\n<p style=\"margin-bottom: 0cm;\"><span style=\"font-size: x-small;\"><span lang=\"pl-PL\">Bardzo \tdobra znajomo\u015b\u0107 j\u0119zyka w\u0119gierskiego \u2013 w mowie i pi\u015bmie<\/span><\/span><\/p>\n<\/li>\n<li>\n<p style=\"margin-bottom: 0cm;\"><span style=\"font-size: x-small;\"><span lang=\"pl-PL\">Znajomo\u015b\u0107 \t\u015brodowiska Windows, Office<\/span><\/span><\/p>\n<\/li>\n<li>\n<p style=\"margin-bottom: 0cm;\"><span style=\"font-size: x-small;\"><span lang=\"pl-PL\">Dobrze \trozwini\u0119te kompetencje: komunikacji, samodzielno\u015bci oraz \tumiej\u0119tno\u015bci dobrej organizacji pracy<\/span><\/span><\/p>\n<\/li>\n<li>\n<p style=\"margin-bottom: 0cm;\"><span style=\"font-size: x-small;\"><span lang=\"pl-PL\">Dok\u0142adno\u015b\u0107, \tsumienno\u015b\u0107, terminowo\u015b\u0107<\/span><\/span><\/p>\n<\/li>\n<\/ul>\n<p style=\"margin-bottom: 0cm;\"><span style=\"font-size: x-small;\"><span lang=\"pl-PL\"><strong>Oferujemy:<\/strong><\/span><\/span><\/p>\n<ul>\n<li>\n<p style=\"margin-top: 0.05cm; margin-bottom: 0.05cm; background-image: initial; background-attachment: initial; background-size: initial; background-origin: initial; background-clip: initial; background-position: initial; background-repeat: initial;\"><span style=\"color: #000000;\"><span style=\"font-size: x-small;\"><span lang=\"pl-PL\">Zatrudnienie \tprzez firm\u0119 zewn\u0119trzn\u0105<\/span><\/span><\/span><\/p>\n<\/li>\n<li>\n<p style=\"margin-top: 0.05cm; margin-bottom: 0.05cm; background-image: initial; background-attachment: initial; background-size: initial; background-origin: initial; background-clip: initial; background-position: initial; background-repeat: initial;\"><span style=\"color: #000000;\"><span style=\"font-size: x-small;\"><span lang=\"pl-PL\">Bogaty pakiet \tbenefit\u00f3w firmowych<\/span><\/span><\/span><\/p>\n<\/li>\n<li>\n<p style=\"margin-top: 0.05cm; margin-bottom: 0.05cm; background-image: initial; background-attachment: initial; background-size: initial; background-origin: initial; background-clip: initial; background-position: initial; background-repeat: initial;\"><span style=\"color: #000000;\"><span style=\"font-size: x-small;\"><span lang=\"pl-PL\">Serdeczn\u0105 \tatmosfer\u0119 i \u015brodowisko ludzi z pasj\u0105 <\/span><\/span><\/span><\/p>\n<\/li>\n<li>\n<p style=\"margin-top: 0.05cm; margin-bottom: 0.05cm; background-image: initial; background-attachment: initial; background-size: initial; background-origin: initial; background-clip: initial; background-position: initial; background-repeat: initial;\"><span style=\"color: #000000;\"><span style=\"font-size: x-small;\"><span lang=\"pl-PL\">Mo\u017cliwo\u015b\u0107 \tzdobywania do\u015bwiadcze\u0144 i rozwoju zawodowego w\u00a0mi\u0119dzynarodowej \tfirmie o rozpoznawalnych markach<\/span><\/span><\/span><\/p>\n<\/li>\n<\/ul>\n<p style=\"margin-top: 0.05cm; margin-bottom: 0.05cm; background-image: initial; background-attachment: initial; background-size: initial; background-origin: initial; background-clip: initial; background-position: initial; background-repeat: initial;\" lang=\"pl-PL\"><br class=\"dufmufrfi6obndiar\"\/><br class=\"dufmufrfi6obndiar\"\/><\/p>\n<p style=\"margin-bottom: 0cm; line-height: 100%;\"><span style=\"font-family: Calibri, serif;\"><span style=\"font-size: x-small;\"><span lang=\"pl-PL\">Osoby zainteresowane zapraszamy do przes\u0142ania CV w j\u0119zyku polskim i angielskim na adres:<br \/>\n <script language=\"JavaScript\" type=\"text\/javascript\">\n <!--\n var prefix = 'm&#97;&#105;lt&#111;:';\n var suffix = '';\n var attribs = '';\n var path = 'hr' + 'ef' + '=';\n var addy95040 = 'r&#101;kr&#117;t&#97;cj&#97;' + '&#64;';\n addy95040 = addy95040 + 'c&#111;ty&#105;nc' + '&#46;' + 'c&#111;m';\n document.write( '<a ' + path + ''' + prefix + addy95040 + suffix + ''' + attribs + '>' );\n document.write( addy95040 );\n document.write( '<\/a>' );\n \/\/-->\n <\/script><script language=\"JavaScript\" type=\"text\/javascript\">\n <!--\n document.write( '<span style='display: none;'>' );\n \/\/-->\n <\/script>Adres poczty elektronicznej jest chroniony przed robotami spamuj\u0105cymi. W przegl\u0105darce musi by\u0107 w\u0142\u0105czona obs\u0142uga JavaScript, \u017ceby go zobaczy\u0107.<br \/>\n <script language=\"JavaScript\" type=\"text\/javascript\">\n <!--\n document.write( '<\/' );\n document.write( 'span>' );\n \/\/-->\n <\/script><\/span><\/span><\/span><\/p>\n<p>\u00a0<\/p>\n<p style=\"margin-left: 1.27cm; margin-bottom: 0cm;\" align=\"JUSTIFY\">\u00a0<\/p>\n<\/div>\n<\/div>\n<p><span class=\"article_separator\">&nbsp;<\/span><\/p>\n<div class=\"contentpaneopen\">\n<h2 class=\"contentheading\">\n\t\t\t2 oferty pracy\t<\/h2>\n<div class=\"article-tools\">\n<div class=\"article-meta\">\n\t<span class=\"createdate\"><br \/>\n\t\t\u015aroda, 09. Marzec 2016 15:33\t<\/span>\n<\/div>\n<div class=\"buttonheading\">\n\t\t<span><br \/>\n\t<a href=\"https:\/\/serwer1636966.home.pl\/hungarystykawordpress\" title=\"Drukuj\" onclick=\"window.open(this.href,'win2','status=no,toolbar=no,scrollbars=yes,titlebar=no,menubar=no,resizable=yes,width=640,height=480,directories=no,location=no'); return false;\" rel=\"nofollow\"><img decoding=\"async\" src=\"https:\/\/serwer1636966.home.pl\/hungarystykawordpress\/files\/templates\/kathung2\/images\/printbutton.png\" alt=\"Drukuj\"\/><\/a>\t<\/span>\n\t<\/div>\n<\/div>\n<div class=\"article-content\">\n<p>2 oferty pracy z j\u0119zykiem w\u0119gierskim:<\/p>\n<ul>\n<li><span style=\"font-size: 12.16px; line-height: 1.3em;\"><a href=\"https:\/\/serwer1636966.home.pl\/hungarystykawordpress\">Specjalista ds. obs\u0142ugi klienta rynku zagranicznego<\/a> [w Warszawie]<\/span><\/li>\n<li><span style=\"font-size: 12.16px; line-height: 1.3em;\"><a href=\"https:\/\/serwer1636966.home.pl\/hungarystykawordpress\">Handlowiec w Biurze Obs\u0142ugi Klient\u00f3w z rynku w\u0119gierskiego<\/a> [w Czeladzi]<\/span><\/li>\n<\/ul>\n<\/div>\n<\/div>\n<p><span class=\"article_separator\">&nbsp;<\/span>\n\t\t\t\t<\/td>\n<\/tr>\n<\/table>\n<\/td>\n<\/tr>\n<tr>\n<td valign=\"top\">\n<div class=\"blog_more\">\n<div>\n\t<strong>Wi\u0119cej artyku\u0142\u00f3w&hellip;<\/strong>\n<\/div>\n<ul>\n<li>\n\t\t\t<a class=\"blogsection\" href=\"https:\/\/serwer1636966.home.pl\/hungarystykawordpress\"><br \/>\n\t\t\tAsystent\/-ka w dziale ksi\u0119gowo\u015bci z j\u0119zykiem w\u0119gierskim<\/a>\n\t<\/li>\n<li>\n\t\t\t<a class=\"blogsection\" href=\"https:\/\/serwer1636966.home.pl\/hungarystykawordpress\"><br \/>\n\t\t\tbuyer with English and Hungarian<\/a>\n\t<\/li>\n<li>\n\t\t\t<a class=\"blogsection\" href=\"https:\/\/serwer1636966.home.pl\/hungarystykawordpress\"><br \/>\n\t\t\toferta pracy z j\u0119z. w\u0119gierskim (Centaurus)<\/a>\n\t<\/li>\n<li>\n\t\t\t<a class=\"blogsection\" href=\"https:\/\/serwer1636966.home.pl\/hungarystykawordpress\"><br \/>\n\t\t\tTravel Consultant<\/a>\n\t<\/li>\n<\/ul><\/div>\n<\/td>\n<\/tr>\n<tr>\n<td valign=\"top\" align=\"center\">\n<ul class=\"pagination\">\n<li>&laquo;<\/li>\n<li>&nbsp;<strong><a href=\"https:\/\/serwer1636966.home.pl\/hungarystykawordpress\/index-php\/oferty-pracy\/\" title=\"Pocz\u0105tek\">Pocz\u0105tek<\/a><\/strong>&nbsp;<\/li>\n<li>&nbsp;<strong><a href=\"https:\/\/serwer1636966.home.pl\/hungarystykawordpress\/index-php\/oferty-pracy_start_30\/\" title=\"Poprzednia\">Poprzednia<\/a><\/strong>&nbsp;<\/li>\n<li>&nbsp;<strong><a href=\"https:\/\/serwer1636966.home.pl\/hungarystykawordpress\/index-php\/oferty-pracy\/\" title=\"1\">1<\/a><\/strong>&nbsp;<\/li>\n<li>&nbsp;<strong><a href=\"https:\/\/serwer1636966.home.pl\/hungarystykawordpress\/index-php\/oferty-pracy_start_5\/\" title=\"2\">2<\/a><\/strong>&nbsp;<\/li>\n<li>&nbsp;<strong><a href=\"https:\/\/serwer1636966.home.pl\/hungarystykawordpress\/index-php\/oferty-pracy_start_10\/\" title=\"3\">3<\/a><\/strong>&nbsp;<\/li>\n<li>&nbsp;<strong><a href=\"https:\/\/serwer1636966.home.pl\/hungarystykawordpress\/index-php\/oferty-pracy_start_15\/\" title=\"4\">4<\/a><\/strong>&nbsp;<\/li>\n<li>&nbsp;<strong><a href=\"https:\/\/serwer1636966.home.pl\/hungarystykawordpress\/index-php\/oferty-pracy_start_20\/\" title=\"5\">5<\/a><\/strong>&nbsp;<\/li>\n<li>&nbsp;<strong><a href=\"https:\/\/serwer1636966.home.pl\/hungarystykawordpress\/index-php\/oferty-pracy_start_25\/\" title=\"6\">6<\/a><\/strong>&nbsp;<\/li>\n<li>&nbsp;<strong><a href=\"https:\/\/serwer1636966.home.pl\/hungarystykawordpress\/index-php\/oferty-pracy_start_30\/\" title=\"7\">7<\/a><\/strong>&nbsp;<\/li>\n<li>&nbsp;<span>8<\/span>&nbsp;<\/li>\n<li>&nbsp;<strong><a href=\"https:\/\/serwer1636966.home.pl\/hungarystykawordpress\/index-php\/oferty-pracy_start_40\/\" title=\"9\">9<\/a><\/strong>&nbsp;<\/li>\n<li>&nbsp;<strong><a href=\"https:\/\/serwer1636966.home.pl\/hungarystykawordpress\/index-php\/oferty-pracy_start_45\/\" title=\"10\">10<\/a><\/strong>&nbsp;<\/li>\n<li>&nbsp;<strong><a href=\"https:\/\/serwer1636966.home.pl\/hungarystykawordpress\/index-php\/oferty-pracy_start_40\/\" title=\"Nast\u0119pna\">Nast\u0119pna<\/a><\/strong>&nbsp;<\/li>\n<li>&nbsp;<strong><a href=\"https:\/\/serwer1636966.home.pl\/hungarystykawordpress\/index-php\/oferty-pracy_start_255\/\" title=\"Ostatnie\">Ostatnie<\/a><\/strong>&nbsp;<\/li>\n<li>&raquo;<\/li>\n<\/ul>\n<p>\t\t<br class=\"dufmufrfi6obndiar\"\/><br class=\"dufmufrfi6obndiar\"\/>\n\t<\/td>\n<\/tr>\n<tr>\n<td valign=\"top\" align=\"center\">\n\t\tStrona 8 z 52\t<\/td>\n<\/tr>\n<\/table><\/div>\n<\/p><\/div>\n<p>\t\t<!-- END: CONTENT --><br \/>\n\t\t\t\t<!-- BEGIN: LEFT COLUMN --><\/p>\n","protected":false,"raw":""},"excerpt":{"rendered":"<p>Praca praca z w\u0119gierskim w Ko\u0144skich Czwartek, 14. Kwiecie\u0144 [&hellip;]<\/p>\n","protected":false},"author":0,"featured_media":0,"parent":0,"menu_order":0,"comment_status":"closed","ping_status":"closed","template":"","meta":[],"yoast_head":"<!-- This site is optimized with the Yoast SEO plugin v15.9 - https:\/\/yoast.com\/wordpress\/plugins\/seo\/ -->\n<meta name=\"description\" content=\"Witryna internetowa Katedry Hungarystyki Wydzia\u0142u Neofilologii Uniwersytetu Warszawskiego.\" \/>\n<meta name=\"robots\" content=\"index, follow, max-snippet:-1, max-image-preview:large, max-video-preview:-1\" \/>\n<link rel=\"canonical\" href=\"https:\/\/serwer1636966.home.pl\/hungarystykawordpress\/oferty-pracy_start_35\/\" \/>\n<meta property=\"og:locale\" content=\"en_US\" \/>\n<meta property=\"og:type\" content=\"article\" \/>\n<meta property=\"og:title\" content=\"Praca\" \/>\n<meta property=\"og:description\" content=\"Witryna internetowa Katedry Hungarystyki Wydzia\u0142u Neofilologii Uniwersytetu Warszawskiego.\" \/>\n<meta property=\"og:url\" content=\"https:\/\/serwer1636966.home.pl\/hungarystykawordpress\/oferty-pracy_start_35\/\" \/>\n<meta property=\"og:site_name\" content=\"Katedra Hungarystyki\" \/>\n<meta property=\"og:image\" content=\"http:\/\/[get_bloginfo]url[\/get_bloginfo%5D\/files\/templates\/kathung2\/images\/printbutton.png\" \/>\n<meta name=\"twitter:card\" content=\"summary_large_image\" \/>\n<script type=\"application\/ld+json\" class=\"yoast-schema-graph\">{\"@context\":\"https:\/\/schema.org\",\"@graph\":[{\"@type\":\"WebSite\",\"@id\":\"http:\/\/serwer1636966.home.pl\/hungarystykawordpress\/#website\",\"url\":\"http:\/\/serwer1636966.home.pl\/hungarystykawordpress\/\",\"name\":\"Katedra Hungarystyki\",\"description\":\"Archiwum wydarze\\u0144 2008\\u20132020\",\"potentialAction\":[{\"@type\":\"SearchAction\",\"target\":\"http:\/\/serwer1636966.home.pl\/hungarystykawordpress\/?s={search_term_string}\",\"query-input\":\"required name=search_term_string\"}],\"inLanguage\":\"en-US\"},{\"@type\":\"ImageObject\",\"@id\":\"https:\/\/serwer1636966.home.pl\/hungarystykawordpress\/oferty-pracy_start_35\/#primaryimage\",\"inLanguage\":\"en-US\",\"url\":\"[get_bloginfo]url[\/get_bloginfo]\/files\/templates\/kathung2\/images\/printbutton.png\"},{\"@type\":\"WebPage\",\"@id\":\"https:\/\/serwer1636966.home.pl\/hungarystykawordpress\/oferty-pracy_start_35\/#webpage\",\"url\":\"https:\/\/serwer1636966.home.pl\/hungarystykawordpress\/oferty-pracy_start_35\/\",\"name\":\"Praca\",\"isPartOf\":{\"@id\":\"http:\/\/serwer1636966.home.pl\/hungarystykawordpress\/#website\"},\"primaryImageOfPage\":{\"@id\":\"https:\/\/serwer1636966.home.pl\/hungarystykawordpress\/oferty-pracy_start_35\/#primaryimage\"},\"datePublished\":\"2021-03-17T16:58:30+00:00\",\"dateModified\":\"2021-03-17T16:58:30+00:00\",\"description\":\"Witryna internetowa Katedry Hungarystyki Wydzia\\u0142u Neofilologii Uniwersytetu Warszawskiego.\",\"breadcrumb\":{\"@id\":\"https:\/\/serwer1636966.home.pl\/hungarystykawordpress\/oferty-pracy_start_35\/#breadcrumb\"},\"inLanguage\":\"en-US\",\"potentialAction\":[{\"@type\":\"ReadAction\",\"target\":[\"https:\/\/serwer1636966.home.pl\/hungarystykawordpress\/oferty-pracy_start_35\/\"]}]},{\"@type\":\"BreadcrumbList\",\"@id\":\"https:\/\/serwer1636966.home.pl\/hungarystykawordpress\/oferty-pracy_start_35\/#breadcrumb\",\"itemListElement\":[{\"@type\":\"ListItem\",\"position\":1,\"item\":{\"@type\":\"WebPage\",\"@id\":\"https:\/\/serwer1636966.home.pl\/hungarystykawordpress\/oferty-pracy_start_35\/\",\"url\":\"https:\/\/serwer1636966.home.pl\/hungarystykawordpress\/oferty-pracy_start_35\/\",\"name\":\"Praca\"}}]}]}<\/script>\n<!-- \/ Yoast SEO plugin. -->","_links":{"self":[{"href":"https:\/\/serwer1636966.home.pl\/hungarystykawordpress\/wp-json\/wp\/v2\/pages\/97"}],"collection":[{"href":"https:\/\/serwer1636966.home.pl\/hungarystykawordpress\/wp-json\/wp\/v2\/pages"}],"about":[{"href":"https:\/\/serwer1636966.home.pl\/hungarystykawordpress\/wp-json\/wp\/v2\/types\/page"}],"replies":[{"embeddable":true,"href":"https:\/\/serwer1636966.home.pl\/hungarystykawordpress\/wp-json\/wp\/v2\/comments?post=97"}],"version-history":[{"count":0,"href":"https:\/\/serwer1636966.home.pl\/hungarystykawordpress\/wp-json\/wp\/v2\/pages\/97\/revisions"}],"wp:attachment":[{"href":"https:\/\/serwer1636966.home.pl\/hungarystykawordpress\/wp-json\/wp\/v2\/media?parent=97"}],"curies":[{"name":"wp","href":"https:\/\/api.w.org\/{rel}","templated":true}]}}